{"id":123,"date":"2023-10-27T01:09:26","date_gmt":"2023-10-26T23:09:26","guid":{"rendered":"https:\/\/creativowebpro.com\/?page_id=123"},"modified":"2023-10-28T00:30:05","modified_gmt":"2023-10-27T22:30:05","slug":"quienes-somos","status":"publish","type":"page","link":"https:\/\/creativowebpro.com\/index.php\/quienes-somos\/","title":{"rendered":"\u00bfQui\u00e9nes somos?"},"content":{"rendered":"\n<p class=\"justificado\"><strong>CREATIVO WEB PRO<\/strong> es una empresa de dise\u00f1o web que se especializa en crear sitios web atractivos, funcionales y personalizados. Nos apasiona crear sitios web que ayuden a nuestros clientes a alcanzar sus objetivos comerciales.<\/p>\n\n\n\n<div style=\"height:20px\" aria-hidden=\"true\" class=\"wp-block-spacer\"><\/div>\n\n\n\n<p class=\"justificado\"><strong>Nuestra misi\u00f3n<\/strong> es ayudar a nuestros clientes a crear una presencia en l\u00ednea exitosa. Lo hacemos combinando nuestra experiencia en dise\u00f1o y desarrollo web con nuestra pasi\u00f3n por crear sitios web que sean tanto hermosos como efectivos.<\/p>\n\n\n\n<div style=\"height:20px\" aria-hidden=\"true\" class=\"wp-block-spacer\"><\/div>\n\n\n\n<p><strong>Nuestros servicios incluyen:<\/strong><\/p>\n\n\n\n<div style=\"height:10px\" aria-hidden=\"true\" class=\"wp-block-spacer\"><\/div>\n\n\n\n<ul>\n<li>Dise\u00f1o de sitios web personalizados.<\/li>\n\n\n\n<li>Desarrollo de sitios web a medida.<\/li>\n\n\n\n<li>Optimizaci\u00f3n de motores de b\u00fasqueda (SEO).<\/li>\n\n\n\n<li>Marketing de contenidos (SEM).<\/li>\n\n\n\n<li>Realizaci\u00f3n de la marca entre ellos el logo.<\/li>\n<\/ul>\n\n\n\n<div style=\"height:20px\" aria-hidden=\"true\" class=\"wp-block-spacer\"><\/div>\n\n\n\n<p class=\"justificado\"><strong>Nuestro equipo<\/strong> est\u00e1 formado por dise\u00f1adores y desarrolladores web experimentados que est\u00e1n comprometidos a crear sitios web de alta calidad. Tenemos una amplia experiencia en una variedad de industrias, lo que nos permite comprender las necesidades espec\u00edficas de nuestros clientes.<\/p>\n\n\n\n<div style=\"height:10px\" aria-hidden=\"true\" class=\"wp-block-spacer\"><\/div>\n\n\n\n<p class=\"justificado\"><strong>Nuestros clientes<\/strong> incluyen empresas de todos los tama\u00f1os, desde peque\u00f1as empresas hasta grandes corporaciones. Estamos orgullosos de trabajar con una variedad de clientes para crear sitios web que les ayuden a alcanzar sus objetivos.<\/p>\n\n\n\n<div style=\"height:10px\" aria-hidden=\"true\" class=\"wp-block-spacer\"><\/div>\n\n\n\n<p class=\"justificado\"><strong>Nuestro compromiso<\/strong> es proporcionar a nuestros clientes un servicio de alta calidad y un sitio web que los ayude a tener \u00e9xito. Estamos aqu\u00ed para ayudarlo a crear un sitio web que sea una parte importante de su negocio.<\/p>\n\n\n\n<div style=\"height:20px\" aria-hidden=\"true\" class=\"wp-block-spacer\"><\/div>\n\n\n\n<p><strong><em>Ll\u00e1menos hoy para obtener m\u00e1s informaci\u00f3n sobre nuestros servicios.<\/em><\/strong><\/p>\n","protected":false},"excerpt":{"rendered":"<p>CREATIVO WEB PRO es una empresa de dise\u00f1o web que se especializa en crear sitios web atractivos, funcionales y personalizados. Nos apasiona crear sitios web que ayuden a nuestros clientes a alcanzar sus objetivos comerciales. Nuestra misi\u00f3n es ayudar a nuestros clientes a crear una presencia en l\u00ednea exitosa. Lo hacemos combinando nuestra experiencia en [&hellip;]<\/p>\n","protected":false},"author":1,"featured_media":0,"parent":0,"menu_order":0,"comment_status":"closed","ping_status":"closed","template":"","meta":{"om_disable_all_campaigns":false,"_monsterinsights_skip_tracking":false,"_monsterinsights_sitenote_active":false,"_monsterinsights_sitenote_note":"","_monsterinsights_sitenote_category":0,"footnotes":""},"yoast_head":"<!-- This site is optimized with the Yoast SEO plugin v21.4 - https:\/\/yoast.com\/wordpress\/plugins\/seo\/ -->\n<title>\u00bfQui\u00e9nes somos? - creativowebpro.com<\/title>\n<meta name=\"robots\" content=\"index, follow, max-snippet:-1, max-image-preview:large, max-video-preview:-1\" \/>\n<link rel=\"canonical\" href=\"https:\/\/creativowebpro.com\/index.php\/quienes-somos\/\" \/>\n<meta property=\"og:locale\" content=\"en_US\" \/>\n<meta property=\"og:type\" content=\"article\" \/>\n<meta property=\"og:title\" content=\"\u00bfQui\u00e9nes somos? - creativowebpro.com\" \/>\n<meta property=\"og:description\" content=\"CREATIVO WEB PRO es una empresa de dise\u00f1o web que se especializa en crear sitios web atractivos, funcionales y personalizados. Nos apasiona crear sitios web que ayuden a nuestros clientes a alcanzar sus objetivos comerciales. Nuestra misi\u00f3n es ayudar a nuestros clientes a crear una presencia en l\u00ednea exitosa. Lo hacemos combinando nuestra experiencia en [&hellip;]\" \/>\n<meta property=\"og:url\" content=\"https:\/\/creativowebpro.com\/index.php\/quienes-somos\/\" \/>\n<meta property=\"og:site_name\" content=\"creativowebpro.com\" \/>\n<meta property=\"article:modified_time\" content=\"2023-10-27T22:30:05+00:00\" \/>\n<meta name=\"twitter:card\" content=\"summary_large_image\" \/>\n<meta name=\"twitter:label1\" content=\"Est. reading time\" \/>\n\t<meta name=\"twitter:data1\" content=\"2 minutes\" \/>\n<script type=\"application\/ld+json\" class=\"yoast-schema-graph\">{\"@context\":\"https:\/\/schema.org\",\"@graph\":[{\"@type\":\"WebPage\",\"@id\":\"https:\/\/creativowebpro.com\/index.php\/quienes-somos\/\",\"url\":\"https:\/\/creativowebpro.com\/index.php\/quienes-somos\/\",\"name\":\"\u00bfQui\u00e9nes somos? - creativowebpro.com\",\"isPartOf\":{\"@id\":\"https:\/\/creativowebpro.com\/#website\"},\"datePublished\":\"2023-10-26T23:09:26+00:00\",\"dateModified\":\"2023-10-27T22:30:05+00:00\",\"breadcrumb\":{\"@id\":\"https:\/\/creativowebpro.com\/index.php\/quienes-somos\/#breadcrumb\"},\"inLanguage\":\"en-US\",\"potentialAction\":[{\"@type\":\"ReadAction\",\"target\":[\"https:\/\/creativowebpro.com\/index.php\/quienes-somos\/\"]}]},{\"@type\":\"BreadcrumbList\",\"@id\":\"https:\/\/creativowebpro.com\/index.php\/quienes-somos\/#breadcrumb\",\"itemListElement\":[{\"@type\":\"ListItem\",\"position\":1,\"name\":\"Portada\",\"item\":\"https:\/\/creativowebpro.com\/\"},{\"@type\":\"ListItem\",\"position\":2,\"name\":\"\u00bfQui\u00e9nes somos?\"}]},{\"@type\":\"WebSite\",\"@id\":\"https:\/\/creativowebpro.com\/#website\",\"url\":\"https:\/\/creativowebpro.com\/\",\"name\":\"creativowebpro.com\",\"description\":\"Dise\u00f1o Web Profesional\",\"publisher\":{\"@id\":\"https:\/\/creativowebpro.com\/#organization\"},\"potentialAction\":[{\"@type\":\"SearchAction\",\"target\":{\"@type\":\"EntryPoint\",\"urlTemplate\":\"https:\/\/creativowebpro.com\/?s={search_term_string}\"},\"query-input\":\"required name=search_term_string\"}],\"inLanguage\":\"en-US\"},{\"@type\":\"Organization\",\"@id\":\"https:\/\/creativowebpro.com\/#organization\",\"name\":\"creativowebpro.com\",\"url\":\"https:\/\/creativowebpro.com\/\",\"logo\":{\"@type\":\"ImageObject\",\"inLanguage\":\"en-US\",\"@id\":\"https:\/\/creativowebpro.com\/#\/schema\/logo\/image\/\",\"url\":\"https:\/\/creativowebpro.com\/wp-content\/uploads\/2023\/10\/cropped-Creativo-Web-Pro-Logo.png\",\"contentUrl\":\"https:\/\/creativowebpro.com\/wp-content\/uploads\/2023\/10\/cropped-Creativo-Web-Pro-Logo.png\",\"width\":500,\"height\":103,\"caption\":\"creativowebpro.com\"},\"image\":{\"@id\":\"https:\/\/creativowebpro.com\/#\/schema\/logo\/image\/\"}}]}<\/script>\n<!-- \/ Yoast SEO plugin. -->","yoast_head_json":{"title":"\u00bfQui\u00e9nes somos? - creativowebpro.com","robots":{"index":"index","follow":"follow","max-snippet":"max-snippet:-1","max-image-preview":"max-image-preview:large","max-video-preview":"max-video-preview:-1"},"canonical":"https:\/\/creativowebpro.com\/index.php\/quienes-somos\/","og_locale":"en_US","og_type":"article","og_title":"\u00bfQui\u00e9nes somos? - creativowebpro.com","og_description":"CREATIVO WEB PRO es una empresa de dise\u00f1o web que se especializa en crear sitios web atractivos, funcionales y personalizados. Nos apasiona crear sitios web que ayuden a nuestros clientes a alcanzar sus objetivos comerciales. Nuestra misi\u00f3n es ayudar a nuestros clientes a crear una presencia en l\u00ednea exitosa. Lo hacemos combinando nuestra experiencia en [&hellip;]","og_url":"https:\/\/creativowebpro.com\/index.php\/quienes-somos\/","og_site_name":"creativowebpro.com","article_modified_time":"2023-10-27T22:30:05+00:00","twitter_card":"summary_large_image","twitter_misc":{"Est. reading time":"2 minutes"},"schema":{"@context":"https:\/\/schema.org","@graph":[{"@type":"WebPage","@id":"https:\/\/creativowebpro.com\/index.php\/quienes-somos\/","url":"https:\/\/creativowebpro.com\/index.php\/quienes-somos\/","name":"\u00bfQui\u00e9nes somos? - creativowebpro.com","isPartOf":{"@id":"https:\/\/creativowebpro.com\/#website"},"datePublished":"2023-10-26T23:09:26+00:00","dateModified":"2023-10-27T22:30:05+00:00","breadcrumb":{"@id":"https:\/\/creativowebpro.com\/index.php\/quienes-somos\/#breadcrumb"},"inLanguage":"en-US","potentialAction":[{"@type":"ReadAction","target":["https:\/\/creativowebpro.com\/index.php\/quienes-somos\/"]}]},{"@type":"BreadcrumbList","@id":"https:\/\/creativowebpro.com\/index.php\/quienes-somos\/#breadcrumb","itemListElement":[{"@type":"ListItem","position":1,"name":"Portada","item":"https:\/\/creativowebpro.com\/"},{"@type":"ListItem","position":2,"name":"\u00bfQui\u00e9nes somos?"}]},{"@type":"WebSite","@id":"https:\/\/creativowebpro.com\/#website","url":"https:\/\/creativowebpro.com\/","name":"creativowebpro.com","description":"Dise\u00f1o Web Profesional","publisher":{"@id":"https:\/\/creativowebpro.com\/#organization"},"potentialAction":[{"@type":"SearchAction","target":{"@type":"EntryPoint","urlTemplate":"https:\/\/creativowebpro.com\/?s={search_term_string}"},"query-input":"required name=search_term_string"}],"inLanguage":"en-US"},{"@type":"Organization","@id":"https:\/\/creativowebpro.com\/#organization","name":"creativowebpro.com","url":"https:\/\/creativowebpro.com\/","logo":{"@type":"ImageObject","inLanguage":"en-US","@id":"https:\/\/creativowebpro.com\/#\/schema\/logo\/image\/","url":"https:\/\/creativowebpro.com\/wp-content\/uploads\/2023\/10\/cropped-Creativo-Web-Pro-Logo.png","contentUrl":"https:\/\/creativowebpro.com\/wp-content\/uploads\/2023\/10\/cropped-Creativo-Web-Pro-Logo.png","width":500,"height":103,"caption":"creativowebpro.com"},"image":{"@id":"https:\/\/creativowebpro.com\/#\/schema\/logo\/image\/"}}]}},"_links":{"self":[{"href":"https:\/\/creativowebpro.com\/index.php\/wp-json\/wp\/v2\/pages\/123"}],"collection":[{"href":"https:\/\/creativowebpro.com\/index.php\/wp-json\/wp\/v2\/pages"}],"about":[{"href":"https:\/\/creativowebpro.com\/index.php\/wp-json\/wp\/v2\/types\/page"}],"author":[{"embeddable":true,"href":"https:\/\/creativowebpro.com\/index.php\/wp-json\/wp\/v2\/users\/1"}],"replies":[{"embeddable":true,"href":"https:\/\/creativowebpro.com\/index.php\/wp-json\/wp\/v2\/comments?post=123"}],"version-history":[{"count":10,"href":"https:\/\/creativowebpro.com\/index.php\/wp-json\/wp\/v2\/pages\/123\/revisions"}],"predecessor-version":[{"id":193,"href":"https:\/\/creativowebpro.com\/index.php\/wp-json\/wp\/v2\/pages\/123\/revisions\/193"}],"wp:attachment":[{"href":"https:\/\/creativowebpro.com\/index.php\/wp-json\/wp\/v2\/media?parent=123"}],"curies":[{"name":"wp","href":"https:\/\/api.w.org\/{rel}","templated":true}]}}